{"id":12390,"date":"2020-05-17T12:24:12","date_gmt":"2020-05-17T10:24:12","guid":{"rendered":"https:\/\/uhren-fan.de\/?page_id=12390"},"modified":"2026-02-03T23:21:18","modified_gmt":"2026-02-03T22:21:18","slug":"payment-methods","status":"publish","type":"page","link":"https:\/\/uhren-fan.de\/en\/zahlungsarten\/","title":{"rendered":"Payment methods"},"content":{"rendered":"<p><strong>PAYMENT METHODS AT UHREN-FAN.DE<\/strong><\/p>\r\n\r\n\r\n\r\n<ol class=\"wp-block-list\">\r\n<li>Prepayment by bank transfer<br \/>You will receive the corresponding bank details in the confirmation e-mail of your order.<\/li>\r\n<li>Personal handover, with cash payment<\/li>\r\n<li>PAYPAL<br \/>Please contact us if you would like to pay with PAYPAL!<br \/>We will then send you a payment request via PAYPAL.<br \/>For payments via PayPal, we must pass on the following fees with which PayPal charges our<br \/>Account debited:<br \/>Per domestic payment: \u20ac 0.35 + 1.9 % of the order value<br \/>Per foreign payment in euros (from EU countries): \u20ac 0.35 + 1.9 % of the order value<br \/>Per foreign payment in another currency: \u20ac 0.35 + 3.9 % of the order value<\/li>\r\n<\/ol>","protected":false},"excerpt":{"rendered":"<p>ZAHLUNGSARTEN BEI UHREN-FAN.DE Vorkasse per \u00dcberweisungDie entsprechende Bankverbindung bekommen Sie im Best\u00e4tigungs-Email Ihrer Bestellung mitgeteilt. Pers\u00f6nliche \u00dcbergabe, mit Barzahlung PAYPALSetzen Sie sich bitte mit uns in Verbindung, wenn Sie mit PAYPAL zahlen m\u00f6chten!Wir senden Ihnen dann \u00fcber PAYPAL eine Zahlungsaufforderung.Bei Zahlungen per PayPal m\u00fcssen wir folgenden Geb\u00fchren weitergeben, mit denen PayPal unserKonto belastet:Pro Inlandszahlung: \u20ac [&#8230;]\n","protected":false},"author":12,"featured_media":0,"parent":0,"menu_order":0,"comment_status":"closed","ping_status":"closed","template":"","meta":{"_acf_changed":false,"footnotes":""},"class_list":["post-12390","page","type-page","status-publish","hentry"],"acf":[],"yoast_head":"<!-- This site is optimized with the Yoast SEO plugin v27.3 - https:\/\/yoast.com\/product\/yoast-seo-wordpress\/ -->\n<title>UHREN-FAN.DE - UHREN-FAN.DE<\/title>\n<meta name=\"description\" content=\"UHREN-FAN.DE | Luxusuhren gebraucht kaufen &amp; verkaufen\" \/>\n<meta name=\"robots\" content=\"index, follow, max-snippet:-1, max-image-preview:large, max-video-preview:-1\" \/>\n<link rel=\"canonical\" href=\"https:\/\/uhren-fan.de\/en\/payment-methods\/\" \/>\n<meta property=\"og:locale\" content=\"en_US\" \/>\n<meta property=\"og:type\" content=\"article\" \/>\n<meta property=\"og:title\" content=\"UHREN-FAN.DE - UHREN-FAN.DE\" \/>\n<meta property=\"og:description\" content=\"UHREN-FAN.DE | Luxusuhren gebraucht kaufen &amp; verkaufen\" \/>\n<meta property=\"og:url\" content=\"https:\/\/uhren-fan.de\/en\/payment-methods\/\" \/>\n<meta property=\"og:site_name\" content=\"UHREN-FAN.DE\" \/>\n<meta property=\"article:publisher\" content=\"https:\/\/www.facebook.com\/UHRENFAN.DE\" \/>\n<meta property=\"article:modified_time\" content=\"2026-02-03T22:21:18+00:00\" \/>\n<meta name=\"twitter:card\" content=\"summary_large_image\" \/>\n<meta name=\"twitter:label1\" content=\"Est. reading time\" \/>\n\t<meta name=\"twitter:data1\" content=\"1 minute\" \/>\n<script type=\"application\/ld+json\" class=\"yoast-schema-graph\">{\"@context\":\"https:\\\/\\\/schema.org\",\"@graph\":[{\"@type\":\"WebPage\",\"@id\":\"https:\\\/\\\/uhren-fan.de\\\/zahlungsarten\\\/\",\"url\":\"https:\\\/\\\/uhren-fan.de\\\/zahlungsarten\\\/\",\"name\":\"UHREN-FAN.DE - UHREN-FAN.DE\",\"isPartOf\":{\"@id\":\"https:\\\/\\\/uhren-fan.de\\\/#website\"},\"datePublished\":\"2020-05-17T10:24:12+00:00\",\"dateModified\":\"2026-02-03T22:21:18+00:00\",\"description\":\"UHREN-FAN.DE | Luxusuhren gebraucht kaufen & verkaufen\",\"breadcrumb\":{\"@id\":\"https:\\\/\\\/uhren-fan.de\\\/zahlungsarten\\\/#breadcrumb\"},\"inLanguage\":\"en-US\",\"potentialAction\":[{\"@type\":\"ReadAction\",\"target\":[\"https:\\\/\\\/uhren-fan.de\\\/zahlungsarten\\\/\"]}]},{\"@type\":\"BreadcrumbList\",\"@id\":\"https:\\\/\\\/uhren-fan.de\\\/zahlungsarten\\\/#breadcrumb\",\"itemListElement\":[{\"@type\":\"ListItem\",\"position\":1,\"name\":\"Startseite\",\"item\":\"https:\\\/\\\/uhren-fan.de\\\/\"},{\"@type\":\"ListItem\",\"position\":2,\"name\":\"Zahlungsarten\"}]},{\"@type\":\"WebSite\",\"@id\":\"https:\\\/\\\/uhren-fan.de\\\/#website\",\"url\":\"https:\\\/\\\/uhren-fan.de\\\/\",\"name\":\"UHREN-FAN.DE\",\"description\":\"Luxusuhren zum fairen Preis\",\"publisher\":{\"@id\":\"https:\\\/\\\/uhren-fan.de\\\/#organization\"},\"alternateName\":\"UHREN-FAN.DE\",\"potentialAction\":[{\"@type\":\"SearchAction\",\"target\":{\"@type\":\"EntryPoint\",\"urlTemplate\":\"https:\\\/\\\/uhren-fan.de\\\/?s={search_term_string}\"},\"query-input\":{\"@type\":\"PropertyValueSpecification\",\"valueRequired\":true,\"valueName\":\"search_term_string\"}}],\"inLanguage\":\"en-US\"},{\"@type\":\"Organization\",\"@id\":\"https:\\\/\\\/uhren-fan.de\\\/#organization\",\"name\":\"UHREN-FAN.DE\",\"alternateName\":\"UHREN-FAN.DE\",\"url\":\"https:\\\/\\\/uhren-fan.de\\\/\",\"logo\":{\"@type\":\"ImageObject\",\"inLanguage\":\"en-US\",\"@id\":\"https:\\\/\\\/uhren-fan.de\\\/#\\\/schema\\\/logo\\\/image\\\/\",\"url\":\"https:\\\/\\\/uhren-fan.de\\\/wp-content\\\/uploads\\\/2024\\\/10\\\/Logo_horiz_blk@2x.png\",\"contentUrl\":\"https:\\\/\\\/uhren-fan.de\\\/wp-content\\\/uploads\\\/2024\\\/10\\\/Logo_horiz_blk@2x.png\",\"width\":345,\"height\":64,\"caption\":\"UHREN-FAN.DE\"},\"image\":{\"@id\":\"https:\\\/\\\/uhren-fan.de\\\/#\\\/schema\\\/logo\\\/image\\\/\"},\"sameAs\":[\"https:\\\/\\\/www.facebook.com\\\/UHRENFAN.DE\"]}]}<\/script>\n<!-- \/ Yoast SEO plugin. -->","yoast_head_json":{"title":"UHREN-FAN.DE - UHREN-FAN.DE","description":"UHREN-FAN.DE | Buy &amp; Sell Used Luxury Watches","robots":{"index":"index","follow":"follow","max-snippet":"max-snippet:-1","max-image-preview":"max-image-preview:large","max-video-preview":"max-video-preview:-1"},"canonical":"https:\/\/uhren-fan.de\/en\/payment-methods\/","og_locale":"en_US","og_type":"article","og_title":"UHREN-FAN.DE - UHREN-FAN.DE","og_description":"UHREN-FAN.DE | Luxusuhren gebraucht kaufen & verkaufen","og_url":"https:\/\/uhren-fan.de\/en\/payment-methods\/","og_site_name":"UHREN-FAN.DE","article_publisher":"https:\/\/www.facebook.com\/UHRENFAN.DE","article_modified_time":"2026-02-03T22:21:18+00:00","twitter_card":"summary_large_image","twitter_misc":{"Est. reading time":"1 minute"},"schema":{"@context":"https:\/\/schema.org","@graph":[{"@type":"WebPage","@id":"https:\/\/uhren-fan.de\/zahlungsarten\/","url":"https:\/\/uhren-fan.de\/zahlungsarten\/","name":"UHREN-FAN.DE - UHREN-FAN.DE","isPartOf":{"@id":"https:\/\/uhren-fan.de\/#website"},"datePublished":"2020-05-17T10:24:12+00:00","dateModified":"2026-02-03T22:21:18+00:00","description":"UHREN-FAN.DE | Buy &amp; Sell Used Luxury Watches","breadcrumb":{"@id":"https:\/\/uhren-fan.de\/zahlungsarten\/#breadcrumb"},"inLanguage":"en-US","potentialAction":[{"@type":"ReadAction","target":["https:\/\/uhren-fan.de\/zahlungsarten\/"]}]},{"@type":"BreadcrumbList","@id":"https:\/\/uhren-fan.de\/zahlungsarten\/#breadcrumb","itemListElement":[{"@type":"ListItem","position":1,"name":"Startseite","item":"https:\/\/uhren-fan.de\/"},{"@type":"ListItem","position":2,"name":"Zahlungsarten"}]},{"@type":"WebSite","@id":"https:\/\/uhren-fan.de\/#website","url":"https:\/\/uhren-fan.de\/","name":"UHREN-FAN.DE","description":"Luxury watches at a fair price","publisher":{"@id":"https:\/\/uhren-fan.de\/#organization"},"alternateName":"UHREN-FAN.DE","potentialAction":[{"@type":"SearchAction","target":{"@type":"EntryPoint","urlTemplate":"https:\/\/uhren-fan.de\/?s={search_term_string}"},"query-input":{"@type":"PropertyValueSpecification","valueRequired":true,"valueName":"search_term_string"}}],"inLanguage":"en-US"},{"@type":"Organization","@id":"https:\/\/uhren-fan.de\/#organization","name":"UHREN-FAN.DE","alternateName":"UHREN-FAN.DE","url":"https:\/\/uhren-fan.de\/","logo":{"@type":"ImageObject","inLanguage":"en-US","@id":"https:\/\/uhren-fan.de\/#\/schema\/logo\/image\/","url":"https:\/\/uhren-fan.de\/wp-content\/uploads\/2024\/10\/Logo_horiz_blk@2x.png","contentUrl":"https:\/\/uhren-fan.de\/wp-content\/uploads\/2024\/10\/Logo_horiz_blk@2x.png","width":345,"height":64,"caption":"UHREN-FAN.DE"},"image":{"@id":"https:\/\/uhren-fan.de\/#\/schema\/logo\/image\/"},"sameAs":["https:\/\/www.facebook.com\/UHRENFAN.DE"]}]}},"_links":{"self":[{"href":"https:\/\/uhren-fan.de\/en\/wp-json\/wp\/v2\/pages\/12390","targetHints":{"allow":["GET"]}}],"collection":[{"href":"https:\/\/uhren-fan.de\/en\/wp-json\/wp\/v2\/pages"}],"about":[{"href":"https:\/\/uhren-fan.de\/en\/wp-json\/wp\/v2\/types\/page"}],"author":[{"embeddable":true,"href":"https:\/\/uhren-fan.de\/en\/wp-json\/wp\/v2\/users\/12"}],"replies":[{"embeddable":true,"href":"https:\/\/uhren-fan.de\/en\/wp-json\/wp\/v2\/comments?post=12390"}],"version-history":[{"count":4,"href":"https:\/\/uhren-fan.de\/en\/wp-json\/wp\/v2\/pages\/12390\/revisions"}],"predecessor-version":[{"id":28704,"href":"https:\/\/uhren-fan.de\/en\/wp-json\/wp\/v2\/pages\/12390\/revisions\/28704"}],"wp:attachment":[{"href":"https:\/\/uhren-fan.de\/en\/wp-json\/wp\/v2\/media?parent=12390"}],"curies":[{"name":"wp","href":"https:\/\/api.w.org\/{rel}","templated":true}]}}